{"id":3758,"date":"2022-01-24T05:46:42","date_gmt":"2022-01-24T10:46:42","guid":{"rendered":"https:\/\/recoverycafelexington.org\/eventos\/"},"modified":"2022-01-24T05:46:42","modified_gmt":"2022-01-24T10:46:42","slug":"eventos","status":"publish","type":"page","link":"https:\/\/recoverycafelexington.org\/es\/eventos\/","title":{"rendered":"EVENTOS"},"content":{"rendered":"","protected":false},"excerpt":{"rendered":"","protected":false},"author":7,"featured_media":0,"parent":0,"menu_order":0,"comment_status":"closed","ping_status":"closed","template":"","meta":{"ddd_voice_plugin_voice_content":"","inline_featured_image":false,"footnotes":""},"class_list":["post-3758","page","type-page","status-publish","hentry"],"yoast_head":"<!-- This site is optimized with the Yoast SEO plugin v27.2 - https:\/\/yoast.com\/product\/yoast-seo-wordpress\/ -->\n<title>Alcoh\u00f3licos An\u00f3nimos y Narc\u00f3ticos An\u00f3nimos Lexington<\/title>\n<meta name=\"description\" content=\"Recovery Caf\u00e9 Lexington tiene Alcoh\u00f3licos An\u00f3nimos y Narc\u00f3ticos An\u00f3nimos disponibles en la comunidad de Lexington.\" \/>\n<meta name=\"robots\" content=\"index, follow, max-snippet:-1, max-image-preview:large, max-video-preview:-1\" \/>\n<link rel=\"canonical\" href=\"https:\/\/recoverycafelexington.org\/es\/eventos\/\" \/>\n<meta property=\"og:locale\" content=\"es_ES\" \/>\n<meta property=\"og:type\" content=\"article\" \/>\n<meta property=\"og:title\" content=\"Alcoh\u00f3licos An\u00f3nimos y Narc\u00f3ticos An\u00f3nimos Lexington\" \/>\n<meta property=\"og:description\" content=\"Recovery Caf\u00e9 Lexington tiene Alcoh\u00f3licos An\u00f3nimos y Narc\u00f3ticos An\u00f3nimos disponibles en la comunidad de Lexington.\" \/>\n<meta property=\"og:url\" content=\"https:\/\/recoverycafelexington.org\/es\/eventos\/\" \/>\n<meta property=\"og:site_name\" content=\"Recovery Caf\u00e9 Lexington\" \/>\n<meta name=\"twitter:card\" content=\"summary_large_image\" \/>\n<script type=\"application\/ld+json\" class=\"yoast-schema-graph\">{\"@context\":\"https:\/\/schema.org\",\"@graph\":[{\"@type\":\"WebPage\",\"@id\":\"https:\/\/recoverycafelexington.org\/es\/eventos\/\",\"url\":\"https:\/\/recoverycafelexington.org\/es\/eventos\/\",\"name\":\"Alcoh\u00f3licos An\u00f3nimos y Narc\u00f3ticos An\u00f3nimos Lexington\",\"isPartOf\":{\"@id\":\"https:\/\/recoverycafelexington.org\/es\/#website\"},\"datePublished\":\"2022-01-24T10:46:42+00:00\",\"description\":\"Recovery Caf\u00e9 Lexington tiene Alcoh\u00f3licos An\u00f3nimos y Narc\u00f3ticos An\u00f3nimos disponibles en la comunidad de Lexington.\",\"breadcrumb\":{\"@id\":\"https:\/\/recoverycafelexington.org\/es\/eventos\/#breadcrumb\"},\"inLanguage\":\"es\",\"potentialAction\":[{\"@type\":\"ReadAction\",\"target\":[\"https:\/\/recoverycafelexington.org\/es\/eventos\/\"]}]},{\"@type\":\"BreadcrumbList\",\"@id\":\"https:\/\/recoverycafelexington.org\/es\/eventos\/#breadcrumb\",\"itemListElement\":[{\"@type\":\"ListItem\",\"position\":1,\"name\":\"Home\",\"item\":\"https:\/\/recoverycafelexington.org\/es\/casa\/\"},{\"@type\":\"ListItem\",\"position\":2,\"name\":\"EVENTOS\"}]},{\"@type\":\"WebSite\",\"@id\":\"https:\/\/recoverycafelexington.org\/es\/#website\",\"url\":\"https:\/\/recoverycafelexington.org\/es\/\",\"name\":\"Recovery Caf\u00e9 Lexington\",\"description\":\"a compassionate recovery community\",\"potentialAction\":[{\"@type\":\"SearchAction\",\"target\":{\"@type\":\"EntryPoint\",\"urlTemplate\":\"https:\/\/recoverycafelexington.org\/es\/?s={search_term_string}\"},\"query-input\":{\"@type\":\"PropertyValueSpecification\",\"valueRequired\":true,\"valueName\":\"search_term_string\"}}],\"inLanguage\":\"es\"}]}<\/script>\n<!-- \/ Yoast SEO plugin. -->","yoast_head_json":{"title":"Alcoh\u00f3licos An\u00f3nimos y Narc\u00f3ticos An\u00f3nimos Lexington","description":"Recovery Caf\u00e9 Lexington tiene Alcoh\u00f3licos An\u00f3nimos y Narc\u00f3ticos An\u00f3nimos disponibles en la comunidad de Lexington.","robots":{"index":"index","follow":"follow","max-snippet":"max-snippet:-1","max-image-preview":"max-image-preview:large","max-video-preview":"max-video-preview:-1"},"canonical":"https:\/\/recoverycafelexington.org\/es\/eventos\/","og_locale":"es_ES","og_type":"article","og_title":"Alcoh\u00f3licos An\u00f3nimos y Narc\u00f3ticos An\u00f3nimos Lexington","og_description":"Recovery Caf\u00e9 Lexington tiene Alcoh\u00f3licos An\u00f3nimos y Narc\u00f3ticos An\u00f3nimos disponibles en la comunidad de Lexington.","og_url":"https:\/\/recoverycafelexington.org\/es\/eventos\/","og_site_name":"Recovery Caf\u00e9 Lexington","twitter_card":"summary_large_image","schema":{"@context":"https:\/\/schema.org","@graph":[{"@type":"WebPage","@id":"https:\/\/recoverycafelexington.org\/es\/eventos\/","url":"https:\/\/recoverycafelexington.org\/es\/eventos\/","name":"Alcoh\u00f3licos An\u00f3nimos y Narc\u00f3ticos An\u00f3nimos Lexington","isPartOf":{"@id":"https:\/\/recoverycafelexington.org\/es\/#website"},"datePublished":"2022-01-24T10:46:42+00:00","description":"Recovery Caf\u00e9 Lexington tiene Alcoh\u00f3licos An\u00f3nimos y Narc\u00f3ticos An\u00f3nimos disponibles en la comunidad de Lexington.","breadcrumb":{"@id":"https:\/\/recoverycafelexington.org\/es\/eventos\/#breadcrumb"},"inLanguage":"es","potentialAction":[{"@type":"ReadAction","target":["https:\/\/recoverycafelexington.org\/es\/eventos\/"]}]},{"@type":"BreadcrumbList","@id":"https:\/\/recoverycafelexington.org\/es\/eventos\/#breadcrumb","itemListElement":[{"@type":"ListItem","position":1,"name":"Home","item":"https:\/\/recoverycafelexington.org\/es\/casa\/"},{"@type":"ListItem","position":2,"name":"EVENTOS"}]},{"@type":"WebSite","@id":"https:\/\/recoverycafelexington.org\/es\/#website","url":"https:\/\/recoverycafelexington.org\/es\/","name":"Recovery Caf\u00e9 Lexington","description":"a compassionate recovery community","potentialAction":[{"@type":"SearchAction","target":{"@type":"EntryPoint","urlTemplate":"https:\/\/recoverycafelexington.org\/es\/?s={search_term_string}"},"query-input":{"@type":"PropertyValueSpecification","valueRequired":true,"valueName":"search_term_string"}}],"inLanguage":"es"}]}},"featured_image_src":null,"featured_image_src_square":null,"_links":{"self":[{"href":"https:\/\/recoverycafelexington.org\/es\/wp-json\/wp\/v2\/pages\/3758","targetHints":{"allow":["GET"]}}],"collection":[{"href":"https:\/\/recoverycafelexington.org\/es\/wp-json\/wp\/v2\/pages"}],"about":[{"href":"https:\/\/recoverycafelexington.org\/es\/wp-json\/wp\/v2\/types\/page"}],"author":[{"embeddable":true,"href":"https:\/\/recoverycafelexington.org\/es\/wp-json\/wp\/v2\/users\/7"}],"replies":[{"embeddable":true,"href":"https:\/\/recoverycafelexington.org\/es\/wp-json\/wp\/v2\/comments?post=3758"}],"version-history":[{"count":0,"href":"https:\/\/recoverycafelexington.org\/es\/wp-json\/wp\/v2\/pages\/3758\/revisions"}],"wp:attachment":[{"href":"https:\/\/recoverycafelexington.org\/es\/wp-json\/wp\/v2\/media?parent=3758"}],"curies":[{"name":"wp","href":"https:\/\/api.w.org\/{rel}","templated":true}]}}